{"id":29526,"date":"2021-10-12T15:51:09","date_gmt":"2021-10-12T15:51:09","guid":{"rendered":"https:\/\/www.linsenpartsnew.nl\/about-us-3\/"},"modified":"2026-05-08T15:01:33","modified_gmt":"2026-05-08T15:01:33","slug":"ueber-uns","status":"publish","type":"page","link":"https:\/\/www.linsenpartsnew.nl\/de\/ueber-uns\/","title":{"rendered":"\u00dcber uns"},"content":{"rendered":"\t\t<div data-elementor-type=\"wp-page\" data-elementor-id=\"29526\" class=\"elementor elementor-29526 elementor-4400\">\r\n\t\t\t\t<div class=\"wd-negative-gap elementor-element elementor-element-917834a wd-section-stretch e-flex e-con-boxed e-con e-parent\" data-id=\"917834a\" data-element_type=\"container\" data-e-type=\"container\">\r\n\t\t\t\t\t<div class=\"e-con-inner\">\r\n\t\t<div class=\"elementor-element elementor-element-5442dde e-con-full e-flex e-con e-child\" data-id=\"5442dde\" data-element_type=\"container\" data-e-type=\"container\">\r\n\t\t\t\t<div class=\"elementor-element elementor-element-4b48014 wd-width-100 elementor-widget elementor-widget-wd_title\" data-id=\"4b48014\" data-element_type=\"widget\" data-e-type=\"widget\" data-widget_type=\"wd_title.default\">\r\n\t\t\t\t<div class=\"elementor-widget-container\">\r\n\t\t\t\t\t\t\t<div class=\"title-wrapper wd-set-mb reset-last-child wd-title-color-default wd-title-style-default wd-title-size-large text-left\">\r\n\r\n\t\t\t\t\t\t\t\t\t\t\t<div class=\"title-subtitle subtitle-color-default subtitle-style-default wd-fontsize-xs\">\r\n\t\t\t\t\t<span style=\"color:#d41725\">\u00dcber uns<\/span>\t\t\t\t<\/div>\r\n\t\t\t\r\n\t\t\t<div class=\"liner-continer\">\r\n\t\t\t\t<h4 class=\"woodmart-title-container title wd-fontsize-xxl\">Linsen<span style=\"color:#251e1e\">Parts<\/span><\/h4> \r\n\t\t\t\t\t\t\t<\/div>\r\n\r\n\t\t\t\t\t\t\t<div class=\"title-after_title reset-last-child wd-fontsize-s\">\r\n\t\t\t\t\t<p><span style=\"color: #251e1e;text-transform: uppercase;font-weight: 600\">Qualit\u00e4tsersatzteile. Faire Preise. Zuverl\u00e4ssiger Service.<\/span><\/p><p>Linsen Parts BV, mit Sitz in Cuijk (Niederlande), ist auf die Lieferung von Ersatzteilen und Zubeh\u00f6r f\u00fcr Gabelstapler und Baumaschinen spezialisiert.<\/p><p>Mit \u00fcber 20 Jahren Erfahrung in der Gabelstaplerbranche wissen wir, worauf es ankommt: Qualit\u00e4t, Zuverl\u00e4ssigkeit und schneller, freundlicher Service. Dank unserer starken Beziehungen zu Herstellern und Gabelstaplerlieferanten k\u00f6nnen wir hochwertige Teile zu erschwinglichen Preisen liefern.<\/p>\t\t\t\t<\/div>\r\n\t\t\t\t\t<\/div>\r\n\t\t\t\t\t\t<\/div>\r\n\t\t\t\t<\/div>\r\n\t\t\t\t<\/div>\r\n\t\t<div class=\"elementor-element elementor-element-450d2a2 e-con-full e-flex e-con e-child\" data-id=\"450d2a2\" data-element_type=\"container\" data-e-type=\"container\">\r\n\t\t\t\t<\/div>\r\n\t\t\t\t\t<\/div>\r\n\t\t\t\t<\/div>\r\n\t\t<div class=\"wd-negative-gap elementor-element elementor-element-5bd2139 e-flex e-con-boxed e-con e-parent\" data-id=\"5bd2139\" data-element_type=\"container\" data-e-type=\"container\">\r\n\t\t\t\t\t<div class=\"e-con-inner\">\r\n\t\t<div class=\"elementor-element elementor-element-de8cfc8 e-con-full e-flex e-con e-child\" data-id=\"de8cfc8\" data-element_type=\"container\" data-e-type=\"container\">\r\n\t\t\t\t<div class=\"elementor-element elementor-element-7a789ff wd-width-100 elementor-widget elementor-widget-wd_title\" data-id=\"7a789ff\" data-element_type=\"widget\" data-e-type=\"widget\" data-widget_type=\"wd_title.default\">\r\n\t\t\t\t<div class=\"elementor-widget-container\">\r\n\t\t\t\t\t\t\t<div class=\"title-wrapper wd-set-mb reset-last-child wd-title-color-default wd-title-style-default wd-title-size-medium text-left\">\r\n\r\n\t\t\t\r\n\t\t\t<div class=\"liner-continer\">\r\n\t\t\t\t<h4 class=\"woodmart-title-container title wd-fontsize-xl\">What People Say About Us<\/h4> \r\n\t\t\t\t\t\t\t<\/div>\r\n\r\n\t\t\t\t\t<\/div>\r\n\t\t\t\t\t\t<\/div>\r\n\t\t\t\t<\/div>\r\n\t\t\t\t<div class=\"elementor-element elementor-element-7d54824 elementor-widget elementor-widget-wd_testimonials\" data-id=\"7d54824\" data-element_type=\"widget\" data-e-type=\"widget\" data-widget_type=\"wd_testimonials.default\">\r\n\t\t\t\t<div class=\"elementor-widget-container\">\r\n\t\t\t\t\t\t\t<div class=\"testimonials testimon-style-info-top  color-scheme- wd-carousel-container\" id=\"carousel-6155\">\r\n\t\t\t\t\t\t\t<div class=\"wd-carousel-inner\">\r\n\t\t\t\r\n\t\t\t<div class=\"wd-carousel wd-grid\" data-scroll_per_page=\"yes\" style=\"--wd-col-lg:1;--wd-col-md:1;--wd-col-sm:1;--wd-gap-lg:20px;--wd-gap-sm:10px;\">\r\n\t\t\t\t\t\t\t\t\t<div class=\"wd-carousel-wrap\">\r\n\t\t\t\t\r\n\t\t\t\t\t\t\t\t\t\r\n<div class=\"wd-testimon wd-carousel-item\">\r\n\t<div class=\"wd-testimon-info\">\r\n\t\t\r\n\t\t<div class=\"wd-testimon-bio\">\r\n\t\t\t\t\t\t\t<div class=\"wd-testimon-name title\">\r\n\t\t\t\t\tKingsley Chandler\t\t\t\t<\/div>\r\n\t\t\t\r\n\t\t\t\t\t\t\t<div class=\"wd-testimon-pos\">\r\n\t\t\t\t\tClient\t\t\t\t<\/div>\r\n\t\t\t\r\n\t\t\t<div class=\"star-rating\">\r\n\t\t\t\t<span style=\"width:100%\"><\/span>\r\n\t\t\t<\/div>\r\n\t\t<\/div>\r\n\t<\/div>\r\n\r\n\t\t\t<div class=\"wd-testimon-text reset-last-child\">\r\n\t\t\t<p>Lorem ipsum, or lipsum as it is sometimes known, is dummy text used in laying out print, graphic or web designs.<\/p>\t\t<\/div>\r\n\t<\/div>\t\t\t\t\t\t\t\t\t\r\n<div class=\"wd-testimon wd-carousel-item\">\r\n\t<div class=\"wd-testimon-info\">\r\n\t\t\r\n\t\t<div class=\"wd-testimon-bio\">\r\n\t\t\t\t\t\t\t<div class=\"wd-testimon-name title\">\r\n\t\t\t\t\tOrson Lancaster\t\t\t\t<\/div>\r\n\t\t\t\r\n\t\t\t\t\t\t\t<div class=\"wd-testimon-pos\">\r\n\t\t\t\t\tClient\t\t\t\t<\/div>\r\n\t\t\t\r\n\t\t\t<div class=\"star-rating\">\r\n\t\t\t\t<span style=\"width:100%\"><\/span>\r\n\t\t\t<\/div>\r\n\t\t<\/div>\r\n\t<\/div>\r\n\r\n\t\t\t<div class=\"wd-testimon-text reset-last-child\">\r\n\t\t\t<p>If the copy becomes distracting in the design then you are doing something wrong or they are discussing copy changes.<\/p>\t\t<\/div>\r\n\t<\/div>\t\t\t\t\t\t\t\t\t\r\n<div class=\"wd-testimon wd-carousel-item\">\r\n\t<div class=\"wd-testimon-info\">\r\n\t\t\r\n\t\t<div class=\"wd-testimon-bio\">\r\n\t\t\t\t\t\t\t<div class=\"wd-testimon-name title\">\r\n\t\t\t\t\tHarleigh Dodson\t\t\t\t<\/div>\r\n\t\t\t\r\n\t\t\t\t\t\t\t<div class=\"wd-testimon-pos\">\r\n\t\t\t\t\tClient\t\t\t\t<\/div>\r\n\t\t\t\r\n\t\t\t<div class=\"star-rating\">\r\n\t\t\t\t<span style=\"width:100%\"><\/span>\r\n\t\t\t<\/div>\r\n\t\t<\/div>\r\n\t<\/div>\r\n\r\n\t\t\t<div class=\"wd-testimon-text reset-last-child\">\r\n\t\t\t<p>At worst the discussion is at least working towards the final goal of your site where questions about don\u2019t.<\/p>\t\t<\/div>\r\n\t<\/div>\t\t\t\t\r\n\t\t\t\t\t\t\t\t\t<\/div>\r\n\t\t\t\t\t\t\t<\/div>\r\n\t\t\t\t\t\t\t\t\t\t\t\t\t\t<div class=\"wd-nav-arrows wd-pos-sep wd-hover-1 wd-icon-1\">\r\n\t\t\t<div class=\"wd-btn-arrow wd-prev wd-disabled\">\r\n\t\t\t\t<div class=\"wd-arrow-inner\"><\/div>\r\n\t\t\t<\/div>\r\n\t\t\t<div class=\"wd-btn-arrow wd-next\">\r\n\t\t\t\t<div class=\"wd-arrow-inner\"><\/div>\r\n\t\t\t<\/div>\r\n\t\t<\/div>\r\n\t\t\t\t\t\t\r\n\t\t\t\t<\/div>\r\n\r\n\t\t\t\t\t\t\t\t\t\t\t\t\t<\/div>\r\n\t\t\t\t\t\t<\/div>\r\n\t\t\t\t<\/div>\r\n\t\t\t\t<div class=\"elementor-element elementor-element-ee5f3a3 wd-width-100 elementor-widget elementor-widget-wd_title\" data-id=\"ee5f3a3\" data-element_type=\"widget\" data-e-type=\"widget\" data-widget_type=\"wd_title.default\">\r\n\t\t\t\t<div class=\"elementor-widget-container\">\r\n\t\t\t\t\t\t\t<div class=\"title-wrapper wd-set-mb reset-last-child wd-title-color-default wd-title-style-default wd-title-size-medium text-left\">\r\n\r\n\t\t\t\r\n\t\t\t<div class=\"liner-continer\">\r\n\t\t\t\t<h4 class=\"woodmart-title-container title wd-fontsize-xl\">Who We Serve<\/h4> \r\n\t\t\t\t\t\t\t<\/div>\r\n\r\n\t\t\t\t\t<\/div>\r\n\t\t\t\t\t\t<\/div>\r\n\t\t\t\t<\/div>\r\n\t\t\t\t<div class=\"elementor-element elementor-element-52a9bdc elementor-widget elementor-widget-wd_text_block\" data-id=\"52a9bdc\" data-element_type=\"widget\" data-e-type=\"widget\" data-widget_type=\"wd_text_block.default\">\r\n\t\t\t\t<div class=\"elementor-widget-container\">\r\n\t\t\t\t\t\t\t<div class=\"wd-text-block reset-last-child text-left\">\r\n\t\t\t\r\n\t\t\t<p>Asking the client to pay no attention Lorem Ipsum isn\u2019t hard as it doesn\u2019t make sense in the first place, that will limit any initial interest soon enough. Try telling a client to ignore draft copy however, and you\u2019re up to something you can\u2019t win. Whenever draft copy comes up in a meeting confused questions about it ensue.<\/p><p>Lorem Ipsum is needed because words matter, a lot. Just fill up a page with draft copy about the client\u2019s business and they will actually read it and comment on it. They will be drawn to it, fiercely.<\/p>\r\n\t\t\t\t\t<\/div>\r\n\t\t\t\t\t\t<\/div>\r\n\t\t\t\t<\/div>\r\n\t\t\t\t<\/div>\r\n\t\t<div class=\"elementor-element elementor-element-9dd39fd e-con-full e-flex e-con e-child\" data-id=\"9dd39fd\" data-element_type=\"container\" data-e-type=\"container\">\r\n\t\t\t\t<div class=\"elementor-element elementor-element-b6da8d5 wd-width-100 elementor-widget elementor-widget-wd_title\" data-id=\"b6da8d5\" data-element_type=\"widget\" data-e-type=\"widget\" data-widget_type=\"wd_title.default\">\r\n\t\t\t\t<div class=\"elementor-widget-container\">\r\n\t\t\t\t\t\t\t<div class=\"title-wrapper wd-set-mb reset-last-child wd-title-color-default wd-title-style-default wd-title-size-medium text-left\">\r\n\r\n\t\t\t\r\n\t\t\t<div class=\"liner-continer\">\r\n\t\t\t\t<h4 class=\"woodmart-title-container title wd-fontsize-xl\">What We Do<\/h4> \r\n\t\t\t\t\t\t\t<\/div>\r\n\r\n\t\t\t\t\t<\/div>\r\n\t\t\t\t\t\t<\/div>\r\n\t\t\t\t<\/div>\r\n\t\t\t\t<div class=\"elementor-element elementor-element-e0a8aa6 elementor-widget elementor-widget-wd_text_block\" data-id=\"e0a8aa6\" data-element_type=\"widget\" data-e-type=\"widget\" data-widget_type=\"wd_text_block.default\">\r\n\t\t\t\t<div class=\"elementor-widget-container\">\r\n\t\t\t\t\t\t\t<div class=\"wd-text-block reset-last-child text-left\">\r\n\t\t\t\r\n\t\t\t<p>Lorem Ipsum is needed because words matter, a lot. Just fill up a page with draft copy about the client\u2019s business and they will actually read it and comment on it. They will be drawn to it, fiercely. Do it the wrong way and draft copy can derail your design review.Asking the client to pay no attention Lorem Ipsum isn\u2019t hard as it doesn\u2019t make sense in the first place, that will limit any initial interest soon enough. Try telling a client to ignore draft copy however, and you\u2019re up to something you can\u2019t win. Whenever draft copy comes up in a meeting confused questions about it ensue.<\/p>\r\n\t\t\t\t\t<\/div>\r\n\t\t\t\t\t\t<\/div>\r\n\t\t\t\t<\/div>\r\n\t\t\t\t<div class=\"elementor-element elementor-element-f9e63d5 wd-width-100 elementor-widget elementor-widget-wd_title\" data-id=\"f9e63d5\" data-element_type=\"widget\" data-e-type=\"widget\" data-widget_type=\"wd_title.default\">\r\n\t\t\t\t<div class=\"elementor-widget-container\">\r\n\t\t\t\t\t\t\t<div class=\"title-wrapper wd-set-mb reset-last-child wd-title-color-default wd-title-style-default wd-title-size-medium text-left\">\r\n\r\n\t\t\t\r\n\t\t\t<div class=\"liner-continer\">\r\n\t\t\t\t<h4 class=\"woodmart-title-container title wd-fontsize-xl\">Our Vision<\/h4> \r\n\t\t\t\t\t\t\t<\/div>\r\n\r\n\t\t\t\t\t<\/div>\r\n\t\t\t\t\t\t<\/div>\r\n\t\t\t\t<\/div>\r\n\t\t\t\t<div class=\"elementor-element elementor-element-0924101 elementor-widget elementor-widget-wd_text_block\" data-id=\"0924101\" data-element_type=\"widget\" data-e-type=\"widget\" data-widget_type=\"wd_text_block.default\">\r\n\t\t\t\t<div class=\"elementor-widget-container\">\r\n\t\t\t\t\t\t\t<div class=\"wd-text-block reset-last-child text-left\">\r\n\t\t\t\r\n\t\t\t<p>Asking the client to pay no attention Lorem Ipsum isn\u2019t hard as it doesn\u2019t make sense in the first place, that will limit any initial interest soon enough. Try telling a client to ignore draft copy however, and you\u2019re up to something you can\u2019t win. Whenever draft copy comes up in a meeting confused questions about it ensue.<\/p><p>Lorem Ipsum is needed because words matter, a lot. Just fill up a page with draft copy about the client\u2019s business and they will actually read it and comment on it. They will be drawn to it, fiercely. Do it the wrong way and draft copy can derail your design review.<\/p>\r\n\t\t\t\t\t<\/div>\r\n\t\t\t\t\t\t<\/div>\r\n\t\t\t\t<\/div>\r\n\t\t\t\t<\/div>\r\n\t\t\t\t\t<\/div>\r\n\t\t\t\t<\/div>\r\n\t\t\t\t<\/div>\r\n\t\t","protected":false},"excerpt":{"rendered":"<p>\u00dcber uns LinsenParts Qualit\u00e4tsersatzteile. Faire Preise. Zuverl\u00e4ssiger Service. Linsen Parts BV, mit Sitz in Cuijk (Niederlande), ist auf die Lieferung<\/p>\n","protected":false},"author":1,"featured_media":0,"parent":0,"menu_order":0,"comment_status":"closed","ping_status":"closed","template":"","meta":{"_acf_changed":false,"footnotes":""},"class_list":["post-29526","page","type-page","status-publish","hentry"],"acf":[],"_links":{"self":[{"href":"https:\/\/www.linsenpartsnew.nl\/de\/wp-json\/wp\/v2\/pages\/29526","targetHints":{"allow":["GET"]}}],"collection":[{"href":"https:\/\/www.linsenpartsnew.nl\/de\/wp-json\/wp\/v2\/pages"}],"about":[{"href":"https:\/\/www.linsenpartsnew.nl\/de\/wp-json\/wp\/v2\/types\/page"}],"author":[{"embeddable":true,"href":"https:\/\/www.linsenpartsnew.nl\/de\/wp-json\/wp\/v2\/users\/1"}],"replies":[{"embeddable":true,"href":"https:\/\/www.linsenpartsnew.nl\/de\/wp-json\/wp\/v2\/comments?post=29526"}],"version-history":[{"count":4,"href":"https:\/\/www.linsenpartsnew.nl\/de\/wp-json\/wp\/v2\/pages\/29526\/revisions"}],"predecessor-version":[{"id":29540,"href":"https:\/\/www.linsenpartsnew.nl\/de\/wp-json\/wp\/v2\/pages\/29526\/revisions\/29540"}],"wp:attachment":[{"href":"https:\/\/www.linsenpartsnew.nl\/de\/wp-json\/wp\/v2\/media?parent=29526"}],"curies":[{"name":"wp","href":"https:\/\/api.w.org\/{rel}","templated":true}]}}